{"id":75,"date":"2018-09-05T09:49:26","date_gmt":"2018-09-05T07:49:26","guid":{"rendered":"http:\/\/www.geruchsprobleme.de\/?page_id=75"},"modified":"2018-09-19T11:47:22","modified_gmt":"2018-09-19T09:47:22","slug":"ueber-uns","status":"publish","type":"page","link":"https:\/\/geruchsprobleme.de\/index.php\/ueber-uns\/","title":{"rendered":"\u00dcber uns"},"content":{"rendered":"<p>Seit mehr als 10 Jahren wird<span style=\"color: #ff9900;\"><strong> \u00c4RON 3<\/strong><\/span> Geruchsbinder bei geruchsbehafteten Problemen mit Erfolg eingesetzt.<\/p>\n<p>Langj\u00e4hrige Erfahrungen, die wir mit der Behandlung von Geruchsproblemen gesammelt haben, geben wir gerne an Sie weiter.<\/p>\n<p>Unser flexibles Vertriebssystem bietet Ihnen eine kurzfristige und regelm\u00e4\u00dfige Versorgung.<\/p>\n<blockquote><p>Wir nehmen uns Zeit f\u00fcr Ihr Anliegen und beraten Sie gern.<\/p><\/blockquote>\n","protected":false},"excerpt":{"rendered":"<p>Seit mehr als 10 Jahren wird \u00c4RON 3 Geruchsbinder bei geruchsbehafteten Problemen mit Erfolg eingesetzt. Langj\u00e4hrige Erfahrungen, die wir mit der Behandlung von Geruchsproblemen gesammelt haben, geben wir gerne an Sie weiter. Unser flexibles Vertriebssystem bietet Ihnen eine kurzfristige und regelm\u00e4\u00dfige Versorgung. Wir nehmen uns Zeit f\u00fcr Ihr Anliegen und beraten Sie gern.<\/p>\n","protected":false},"author":1,"featured_media":0,"parent":0,"menu_order":0,"comment_status":"closed","ping_status":"closed","template":"","meta":{"footnotes":""},"class_list":["post-75","page","type-page","status-publish","hentry"],"aioseo_notices":[],"_links":{"self":[{"href":"https:\/\/geruchsprobleme.de\/index.php\/wp-json\/wp\/v2\/pages\/75"}],"collection":[{"href":"https:\/\/geruchsprobleme.de\/index.php\/wp-json\/wp\/v2\/pages"}],"about":[{"href":"https:\/\/geruchsprobleme.de\/index.php\/wp-json\/wp\/v2\/types\/page"}],"author":[{"embeddable":true,"href":"https:\/\/geruchsprobleme.de\/index.php\/wp-json\/wp\/v2\/users\/1"}],"replies":[{"embeddable":true,"href":"https:\/\/geruchsprobleme.de\/index.php\/wp-json\/wp\/v2\/comments?post=75"}],"version-history":[{"count":3,"href":"https:\/\/geruchsprobleme.de\/index.php\/wp-json\/wp\/v2\/pages\/75\/revisions"}],"predecessor-version":[{"id":135,"href":"https:\/\/geruchsprobleme.de\/index.php\/wp-json\/wp\/v2\/pages\/75\/revisions\/135"}],"wp:attachment":[{"href":"https:\/\/geruchsprobleme.de\/index.php\/wp-json\/wp\/v2\/media?parent=75"}],"curies":[{"name":"wp","href":"https:\/\/api.w.org\/{rel}","templated":true}]}}