{"id":59,"date":"2018-09-05T09:47:33","date_gmt":"2018-09-05T07:47:33","guid":{"rendered":"http:\/\/www.geruchsprobleme.de\/?page_id=59"},"modified":"2018-09-19T12:02:46","modified_gmt":"2018-09-19T10:02:46","slug":"impressum","status":"publish","type":"page","link":"https:\/\/geruchsprobleme.de\/index.php\/impressum\/","title":{"rendered":"Impressum"},"content":{"rendered":"<div class=\"rte\">\n<p><strong>Verantwortlich f\u00fcr den Inhalt:<\/strong><\/p>\n<p>Peter Magin, \u00c4RON 3 Geruchsbindemittel<br \/>\nAlbert &#8211; Einstein &#8211; Str. 5<br \/>\n69190 Walldorf<\/p>\n<p>Tel.: +49 (0)6227 &#8211; 359840<br \/>\nFax.: +49 (0)6227 &#8211; 359841<br \/>\nEmail: <a href=\"mailto:info@geruchsprobleme.de\">info@geruchsprobleme.de<\/a><br \/>\nInternet: <a href=\"https:\/\/geruchsprobleme.de\">www.geruchsprobleme.de<\/a><\/p>\n<p>Umsatzsteuer-ID: 32283 \/ 37955<br \/>\nGem\u00e4\u00df \u00a727a Umsatzsteuergesetz: DE 143369307<\/p>\n<p align=\"justify\">Alle Informationen und Erkl\u00e4rungen dieser Internetseiten sind unverbindlich. Die Firma Peter Magin, \u00c4RONIX &#8211; Produkte \u00fcbernimmt f\u00fcr die Richtigkeit und Vollst\u00e4ndigkeit der Inhalte keine Gew\u00e4hr. Es werden keine Garantie \u00fcbernommen und keine Zusicherung von Produkteigenschaften gemacht. Aus den Inhalten der Internetseiten ergeben sich keine Rechtsanspr\u00fcche. Fehler im Inhalt werden bei Kenntnis dar\u00fcber unverz\u00fcglich korrigiert. Die Inhalte der Internetseiten k\u00f6nnen durch zeitverz\u00f6gerte Aktualisierung nicht permanent aktuell sein. Bitte fragen Sie uns daherzu dem Stand, technischen Details und Lieferbarkeit der Produkte und Dienstleistungen. Links auf andere Internetseiten werden nicht permanent kontrolliert. Somit \u00fcbernehmen wir keine Verantwortung f\u00fcr den Inhalt verlinkter Seiten.<\/p>\n<\/div>\n<div class=\"rte\">\n<h2>Urheberrechte und sonstige Sonderschutzrechte<\/h2>\n<p align=\"justify\">Der Inhalt dieser Internetseiten ist urheberrechtlich gesch\u00fctzt. Es darf eine Kopie der Informationen der Internetseiten auf einem einzigen Computer f\u00fcr den nicht-kommerziellen und pers\u00f6nlichen internen Gebrauch gespeichert werden. Grafiken, Texte, Logos, Bilder usw. d\u00fcrfen nur nach schriftlicher Genehmigung durch die Firma Peter Magin, \u00c4RON 3 &#8211; Produkte heruntergeladen, vervielf\u00e4ltigt, kopiert, ge\u00e4ndert, ver\u00f6ffentlicht, versendet, \u00fcbertragen oder in sonstiger Form genutzt werden. Bei genannten Produkt- und Firmennamen kann es sich um eingetragene Warenzeichen oder Marken handeln. Die unberechtigte Verwendung kann zu Schadensersatzanspr\u00fcchen und Unterlassungsanspr\u00fcchen f\u00fchren.<\/p>\n<h2>Haftung<\/h2>\n<p align=\"justify\">Die Firma Peter Magin, \u00c4RON 3 &#8211; Produkte haftet nicht f\u00fcr Sch\u00e4den insbesondere nicht f\u00fcr unmittelbare oder mittelbare Folgesch\u00e4den, Datenverlust, entgangenen Gewinn, System- oder Produktionsausf\u00e4lle, die durch die Nutzung dieser Internetseiten oder das Herunterladen von Daten entstehen. Liegt bei einem entstandenen Schaden durch die Nutzung der Internetseiten oder das Herunterladen von Daten Vorsatz oder grobe Fahrl\u00e4ssigkeit vor, gilt der Haftungsausschlu\u00df nicht. Die durch die Nutzung der Internetseiten entstandene Rechtsbeziehung zwischen Ihnen und der Firma Peter Magin, \u00c4RON 3 &#8211; Produkte unterliegt dem Recht der Bundesrepublik Deutschland. Bei Rechtsstreitigkeiten mit Vollkaufleuten, die aus der Nutzung dieser Internetseiten resultieren, ist der Gerichtsstand der Sitz der Firma Peter Magin, \u00c4RON 3 &#8211; Produkte.<\/p>\n<h2>Links zu anderen Websites<\/h2>\n<p align=\"justify\">Die Webseiten der Firma Peter Magin, \u00c4RON 3 &#8211; Produkte enthalten gegebenenfalls Links zu anderen Websites. Die Firma Peter Magin, \u00c4RON 3 &#8211; Produkte hat keinen Einfluss auf den redaktionellen Inhalt fremder Webseiten und darauf, dass deren Betreiber die Datenschutzbestimmungen einhalten.<\/p>\n<h2>Werbung<\/h2>\n<p align=\"justify\">Die Webseiten der Firma Peter Magin, \u00c4RON 3 &#8211; Produkte enthalten im Regelfall keine Werbefl\u00e4chen. Im gegenteiligen Fall erfolgt die Auslieferung der Werbung \u00fcber externe AdServer. Die im Zusammenhang mit Onlinewerbung erfassten Daten (AdImpressions, AdKlicks) dienen ausschlie\u00dflich der statistischen Auswertung und zur Erstellung von Reportings an Werbekunden. Dabei werden keine personenbezogenen Daten verwendet. Bei der Auslieferung von Werbung k\u00f6nnen m\u00f6glicherweise Cookies zum Einsatz kommen, ohne dass die Firma Peter Magin, \u00c4RON 3 &#8211; Produkte hierauf Einfluss hat.<\/p>\n<\/div>\n","protected":false},"excerpt":{"rendered":"<p>Verantwortlich f\u00fcr den Inhalt: Peter Magin, \u00c4RON 3 Geruchsbindemittel Albert &#8211; Einstein &#8211; Str. 5 69190 Walldorf Tel.: +49 (0)6227 &#8211; 359840 Fax.: +49 (0)6227 &#8211; 359841 Email: info@geruchsprobleme.de Internet: www.geruchsprobleme.de Umsatzsteuer-ID: 32283 \/ 37955 Gem\u00e4\u00df \u00a727a Umsatzsteuergesetz: DE 143369307 Alle Informationen und Erkl\u00e4rungen dieser Internetseiten sind unverbindlich. Die Firma Peter Magin, \u00c4RONIX &#8211; Produkte \u00fcbernimmt f\u00fcr die Richtigkeit und<\/p>\n","protected":false},"author":1,"featured_media":0,"parent":0,"menu_order":0,"comment_status":"closed","ping_status":"closed","template":"","meta":{"footnotes":""},"class_list":["post-59","page","type-page","status-publish","hentry"],"aioseo_notices":[],"_links":{"self":[{"href":"https:\/\/geruchsprobleme.de\/index.php\/wp-json\/wp\/v2\/pages\/59"}],"collection":[{"href":"https:\/\/geruchsprobleme.de\/index.php\/wp-json\/wp\/v2\/pages"}],"about":[{"href":"https:\/\/geruchsprobleme.de\/index.php\/wp-json\/wp\/v2\/types\/page"}],"author":[{"embeddable":true,"href":"https:\/\/geruchsprobleme.de\/index.php\/wp-json\/wp\/v2\/users\/1"}],"replies":[{"embeddable":true,"href":"https:\/\/geruchsprobleme.de\/index.php\/wp-json\/wp\/v2\/comments?post=59"}],"version-history":[{"count":7,"href":"https:\/\/geruchsprobleme.de\/index.php\/wp-json\/wp\/v2\/pages\/59\/revisions"}],"predecessor-version":[{"id":141,"href":"https:\/\/geruchsprobleme.de\/index.php\/wp-json\/wp\/v2\/pages\/59\/revisions\/141"}],"wp:attachment":[{"href":"https:\/\/geruchsprobleme.de\/index.php\/wp-json\/wp\/v2\/media?parent=59"}],"curies":[{"name":"wp","href":"https:\/\/api.w.org\/{rel}","templated":true}]}}