{"id":51,"date":"2018-09-05T09:45:39","date_gmt":"2018-09-05T07:45:39","guid":{"rendered":"http:\/\/www.geruchsprobleme.de\/?page_id=51"},"modified":"2018-10-29T08:56:51","modified_gmt":"2018-10-29T07:56:51","slug":"sonstiges-technische-geraete","status":"publish","type":"page","link":"https:\/\/geruchsprobleme.de\/index.php\/sonstiges-technische-geraete\/","title":{"rendered":"Sonstiges\/technische Ger\u00e4te"},"content":{"rendered":"<p><img loading=\"lazy\" decoding=\"async\" class=\"alignright size-medium wp-image-179\" src=\"https:\/\/geruchsprobleme.de\/wp-content\/uploads\/2018\/10\/aeron3-300x225.jpg\" alt=\"\" width=\"300\" height=\"225\" srcset=\"https:\/\/geruchsprobleme.de\/wp-content\/uploads\/2018\/10\/aeron3-300x225.jpg 300w, https:\/\/geruchsprobleme.de\/wp-content\/uploads\/2018\/10\/aeron3-768x576.jpg 768w, https:\/\/geruchsprobleme.de\/wp-content\/uploads\/2018\/10\/aeron3-1024x768.jpg 1024w, https:\/\/geruchsprobleme.de\/wp-content\/uploads\/2018\/10\/aeron3.jpg 2048w\" sizes=\"(max-width: 300px) 100vw, 300px\" \/><strong>Luftdruckbetriebene Spr\u00fchanlage f\u00fcr die Zerst\u00e4ubung von<span style=\"color: #ff9900;\"> \u00c4RON 3<\/span> Geruchsbinder<\/strong><\/p>\n<p>Einfach zu montieren und nach Bedarf auszurichten.<\/p>\n<p>An jeder Stelle zu befestigen (Magnetfu\u00df, Kabel- oder Schlauchbinder).<\/p>\n<p>Stets gezielte Ausbringung durch flexiblen Metallschlauch mit Zerst\u00e4uberd\u00fcse.<br \/>\nDurchsatz von Luft (min. 2 bar) und Fl\u00fcssigkeit ist im Bereich von 0,1 bis 30 ml.\/min. stufenlos zu regeln und damit f\u00fcr den individuellen Bedarf optimal einzustellen.<\/p>\n<p>Die feine Vernebelung gew\u00e4hrleistet eine l\u00fcckenlose Befeuchtung des geruchsbehafteten Unrates und damit die volle Wirkung.<\/p>\n<p>Die Spr\u00fchfl\u00fcssigkeit wird \u00fcber die Injektorwirkung angesaugt.<\/p>\n<p>\u00dcber einen Streukegel von 10\u00b0 bis 90\u00b0 (je nach Luftdruck) verspr\u00fcht .<\/p>\n<p>Werkstoff: Stahl, Messing.<\/p>\n<p><strong>Spr\u00fchemulsion:<\/strong><\/p>\n<p>Beispiel:<br \/>\nMischungsverh\u00e4ltnis: ab 1:10 \u2013 1:100<br \/>\nDas Mischungsverh\u00e4ltnis ist abh\u00e4ngig vom Umfang des zu bespr\u00fchenden Geruchsproblems.<\/p>\n<p><strong>Anwendungsgebiete:<\/strong><\/p>\n<p>Geruchsbehandlung in R\u00e4umen\/Container\/Abluftanlagen usw.. Befeuchten, K\u00fchlen, \u00fcberall dort, wo eine m\u00f6glichst feine Zerst\u00e4ubung (&lt;20 \u03bcm) stattfinden muss. Im Nu ist ein angenehmer Geruch riechbar.<\/p>\n<p>Vorsicht! Nie in offenes Feuer oder auf gl\u00fchende Gegenst\u00e4nde mit dem <span style=\"color: #ff9900;\"><strong>\u00c4RON 3<\/strong><\/span> Geruchsbinder spr\u00fchen!<\/p>\n<p>Nur f\u00fcr den gewerblichen Anwender bestimmt.<\/p>\n<p><strong>Lieferumfang:<\/strong><\/p>\n<p>Zerst\u00e4uberd\u00fcse mit flexiblen Metallschlauch, Luftdrossel, Fl\u00fcssigkeitsdrossel, Filterdruckminderer, Mini-Kugelhahn mit Knebelgriff, Anschluss f\u00fcr Druckluft,<\/p>\n<p>optional: PTFE-Ansaugschlauch, Magnetfu\u00df<\/p>\n<p>Max. Luftverbrauch bei 6 bar: 54 l \/ min.<\/p>\n<p>Schallpegel: 84 dB<\/p>\n","protected":false},"excerpt":{"rendered":"<p>Luftdruckbetriebene Spr\u00fchanlage f\u00fcr die Zerst\u00e4ubung von \u00c4RON 3 Geruchsbinder Einfach zu montieren und nach Bedarf auszurichten. An jeder Stelle zu befestigen (Magnetfu\u00df, Kabel- oder Schlauchbinder). Stets gezielte Ausbringung durch flexiblen Metallschlauch mit Zerst\u00e4uberd\u00fcse. Durchsatz von Luft (min. 2 bar) und Fl\u00fcssigkeit ist im Bereich von 0,1 bis 30 ml.\/min. stufenlos zu regeln und damit f\u00fcr den individuellen Bedarf optimal einzustellen.<\/p>\n","protected":false},"author":1,"featured_media":0,"parent":0,"menu_order":0,"comment_status":"closed","ping_status":"closed","template":"","meta":{"footnotes":""},"class_list":["post-51","page","type-page","status-publish","hentry"],"aioseo_notices":[],"_links":{"self":[{"href":"https:\/\/geruchsprobleme.de\/index.php\/wp-json\/wp\/v2\/pages\/51"}],"collection":[{"href":"https:\/\/geruchsprobleme.de\/index.php\/wp-json\/wp\/v2\/pages"}],"about":[{"href":"https:\/\/geruchsprobleme.de\/index.php\/wp-json\/wp\/v2\/types\/page"}],"author":[{"embeddable":true,"href":"https:\/\/geruchsprobleme.de\/index.php\/wp-json\/wp\/v2\/users\/1"}],"replies":[{"embeddable":true,"href":"https:\/\/geruchsprobleme.de\/index.php\/wp-json\/wp\/v2\/comments?post=51"}],"version-history":[{"count":3,"href":"https:\/\/geruchsprobleme.de\/index.php\/wp-json\/wp\/v2\/pages\/51\/revisions"}],"predecessor-version":[{"id":180,"href":"https:\/\/geruchsprobleme.de\/index.php\/wp-json\/wp\/v2\/pages\/51\/revisions\/180"}],"wp:attachment":[{"href":"https:\/\/geruchsprobleme.de\/index.php\/wp-json\/wp\/v2\/media?parent=51"}],"curies":[{"name":"wp","href":"https:\/\/api.w.org\/{rel}","templated":true}]}}