{"id":49,"date":"2018-09-05T09:44:58","date_gmt":"2018-09-05T07:44:58","guid":{"rendered":"http:\/\/www.geruchsprobleme.de\/?page_id=49"},"modified":"2018-10-29T08:54:05","modified_gmt":"2018-10-29T07:54:05","slug":"tierhaltung","status":"publish","type":"page","link":"https:\/\/geruchsprobleme.de\/index.php\/tierhaltung\/","title":{"rendered":"Tierhaltung"},"content":{"rendered":"<p><strong><span style=\"color: #ff9900;\"> <img loading=\"lazy\" decoding=\"async\" class=\"alignright size-medium wp-image-176\" src=\"https:\/\/geruchsprobleme.de\/wp-content\/uploads\/2018\/10\/Kot-300x206.png\" alt=\"\" width=\"300\" height=\"206\" srcset=\"https:\/\/geruchsprobleme.de\/wp-content\/uploads\/2018\/10\/Kot-300x206.png 300w, https:\/\/geruchsprobleme.de\/wp-content\/uploads\/2018\/10\/Kot-768x526.png 768w, https:\/\/geruchsprobleme.de\/wp-content\/uploads\/2018\/10\/Kot.png 889w\" sizes=\"(max-width: 300px) 100vw, 300px\" \/>\u00c4RON 3<\/span> Geruchsbinder bei Tierhaltung<\/strong><\/p>\n<p><span style=\"color: #ff9900;\"><strong>\u00c4RON 3<\/strong><\/span> Geruchsbinder ist ideal f\u00fcr die Reinigung von Pferdest\u00e4llen, Hundezwingern und Gro\u00dfk\u00e4figen.<\/p>\n<p><span style=\"color: #ff9900;\"><strong>\u00c4RON 3<\/strong><\/span> Geruchsbinder deckt hervorragend \u00fcble organische Ger\u00fcche und verbreitet einen angenehmen Orangenduft.<\/p>\n<p><span style=\"color: #ff9900;\"><strong>\u00c4RON 3<\/strong><\/span> Geruchsbinder l\u00f6st Schmutz und Dreck auf B\u00f6den<\/p>\n<p>Durch die duftenden Inhaltsstoffe werden Fliegen und Ungeziefer vertrieben.<\/p>\n<p><span style=\"color: #ff9900;\"><strong>\u00c4RON 3<\/strong><\/span> Geruchsbinder ist biologisch abbaubar<\/p>\n<p><span style=\"color: #ff9900;\"><strong>\u00c4RON 3<\/strong><\/span> Geruchsbinder ist ein fl\u00fcssiges Konzentrat und kann mit Wasser (z.B. 1:50) verd\u00fcnnt werden. Die Dosierung ist abh\u00e4ngig von dem zu behandelnden Geruchs- und Schmutzproblem.<\/p>\n<p>Mittels einer Gie\u00dfkanne oder einer R\u00fcckentragespritze die Emulsion auf den Boden aufbringen, sodass alles nass und feucht ist. Ca. 5 Min einwirken lassen. Danach den Boden mit Wasser (Eimer oder Schlauch), starker Wasserstrahl, oder Hochdruckreiniger gut absp\u00fclen und mit einem Schrubber oder Abzieher die Wasseremulsion in die Kanalisation abziehen.<\/p>\n<p>F\u00fcr Ihr individuelles Geruchsproblem berate ich Sie gern pers\u00f6nlich. Rufen Sie mich an.<\/p>\n<p><strong>Gebindegr\u00f6\u00dfen<\/strong><\/p>\n<p>500 ml (VE=8&#215;500 ml)<\/p>\n<p>1 ltr. (VE=4&#215;1 ltr.)<\/p>\n<p>10 ltr.<\/p>\n<p>30 ltr.<\/p>\n<p>200 ltr.<\/p>\n<p>Preise auf Anfrage.<\/p>\n","protected":false},"excerpt":{"rendered":"<p>\u00c4RON 3 Geruchsbinder bei Tierhaltung \u00c4RON 3 Geruchsbinder ist ideal f\u00fcr die Reinigung von Pferdest\u00e4llen, Hundezwingern und Gro\u00dfk\u00e4figen. \u00c4RON 3 Geruchsbinder deckt hervorragend \u00fcble organische Ger\u00fcche und verbreitet einen angenehmen Orangenduft. \u00c4RON 3 Geruchsbinder l\u00f6st Schmutz und Dreck auf B\u00f6den Durch die duftenden Inhaltsstoffe werden Fliegen und Ungeziefer vertrieben. \u00c4RON 3 Geruchsbinder ist biologisch abbaubar \u00c4RON 3 Geruchsbinder ist ein<\/p>\n","protected":false},"author":1,"featured_media":0,"parent":0,"menu_order":0,"comment_status":"closed","ping_status":"closed","template":"","meta":{"footnotes":""},"class_list":["post-49","page","type-page","status-publish","hentry"],"aioseo_notices":[],"_links":{"self":[{"href":"https:\/\/geruchsprobleme.de\/index.php\/wp-json\/wp\/v2\/pages\/49"}],"collection":[{"href":"https:\/\/geruchsprobleme.de\/index.php\/wp-json\/wp\/v2\/pages"}],"about":[{"href":"https:\/\/geruchsprobleme.de\/index.php\/wp-json\/wp\/v2\/types\/page"}],"author":[{"embeddable":true,"href":"https:\/\/geruchsprobleme.de\/index.php\/wp-json\/wp\/v2\/users\/1"}],"replies":[{"embeddable":true,"href":"https:\/\/geruchsprobleme.de\/index.php\/wp-json\/wp\/v2\/comments?post=49"}],"version-history":[{"count":7,"href":"https:\/\/geruchsprobleme.de\/index.php\/wp-json\/wp\/v2\/pages\/49\/revisions"}],"predecessor-version":[{"id":177,"href":"https:\/\/geruchsprobleme.de\/index.php\/wp-json\/wp\/v2\/pages\/49\/revisions\/177"}],"wp:attachment":[{"href":"https:\/\/geruchsprobleme.de\/index.php\/wp-json\/wp\/v2\/media?parent=49"}],"curies":[{"name":"wp","href":"https:\/\/api.w.org\/{rel}","templated":true}]}}