{"id":44,"date":"2018-09-05T09:42:42","date_gmt":"2018-09-05T07:42:42","guid":{"rendered":"http:\/\/www.geruchsprobleme.de\/?page_id=44"},"modified":"2018-09-19T11:36:53","modified_gmt":"2018-09-19T09:36:53","slug":"klaerwerk-kommunalbetriebe","status":"publish","type":"page","link":"https:\/\/geruchsprobleme.de\/index.php\/klaerwerk-kommunalbetriebe\/","title":{"rendered":"Kl\u00e4rwerk &#038; Kommunalbetriebe"},"content":{"rendered":"<p><img loading=\"lazy\" decoding=\"async\" class=\"alignright size-medium wp-image-45\" src=\"https:\/\/geruchsprobleme.de\/wp-content\/uploads\/2018\/09\/klaerwerk-300x201.jpg\" alt=\"\" width=\"300\" height=\"201\" srcset=\"https:\/\/geruchsprobleme.de\/wp-content\/uploads\/2018\/09\/klaerwerk-300x200.jpg 300w, https:\/\/geruchsprobleme.de\/wp-content\/uploads\/2018\/09\/klaerwerk-768x514.jpg 768w, https:\/\/geruchsprobleme.de\/wp-content\/uploads\/2018\/09\/klaerwerk-1024x685.jpg 1024w, https:\/\/geruchsprobleme.de\/wp-content\/uploads\/2018\/09\/klaerwerk.jpg 1769w\" sizes=\"(max-width: 300px) 100vw, 300px\" \/><span style=\"color: #ff9900;\"><strong>\u00c4RON 3<\/strong><\/span> Geruchsbinder zum Bespr\u00fchen von Rechengut und Kl\u00e4rschlamm \u00fcber dem Container oder der Auswurfanlage in einer kommunalen Kl\u00e4ranlage.<\/p>\n<p><span style=\"color: #ff9900;\"><strong>\u00c4RON 3<\/strong><\/span> Geruchbinder soll mit Wasser verd\u00fcnnt werden (z.B. 1:10).<\/p>\n<p>Die <span style=\"color: #ff9900;\"><strong>\u00c4RON 3<\/strong><\/span> Emulsion kann \u00fcber eine automatisierte Druckluftspr\u00fchanlage angesaugt und in den zu behandelnden Raum hineingeblasen werden.<\/p>\n<p>Eine weitere M\u00f6glichkeit ist, mit einer Gie\u00dfkanne die Emulsion auf dem Boden in der Rechenguthalle zu verteilen. Filter\/Biofilter werden durch den Einsatz von<span style=\"color: #ff9900;\"><strong> \u00c4RON 3<\/strong><\/span> nicht beeinflusst.<\/p>\n<p><span style=\"color: #ff9900;\"><strong>\u00c4RON 3<\/strong><\/span> Geruchsbinder verbreitet einen frischen Orangenduft in der ganzen Halle.<\/p>\n<p><strong>Einsatzgebiete<\/strong><\/p>\n<p>Rechenguthallen, Rechengut- Abfall- und Presscontainer, Abwasserbereich, Kanalisation, Schlamm-, Faul-, Sickerwassergruben, F\u00e4kaliengruben, Uringer\u00fcche in Unterf\u00fchrungen,<\/p>\n<p>F\u00fcr Ihr individuelles Geruchsproblem berate ich Sie gern pers\u00f6nlich. Rufen Sie mich an.<\/p>\n<p><strong>Gebindegr\u00f6\u00dfen<\/strong><\/p>\n<p>500 ml (VE=8&#215;500 ml)<\/p>\n<p>1 ltr. (VE=4&#215;1 ltr.)<\/p>\n<p>10 ltr.<\/p>\n<p>30 ltr.<\/p>\n<p>200 ltr.<\/p>\n<p>Preise auf Anfrage.<\/p>\n","protected":false},"excerpt":{"rendered":"<p>\u00c4RON 3 Geruchsbinder zum Bespr\u00fchen von Rechengut und Kl\u00e4rschlamm \u00fcber dem Container oder der Auswurfanlage in einer kommunalen Kl\u00e4ranlage. \u00c4RON 3 Geruchbinder soll mit Wasser verd\u00fcnnt werden (z.B. 1:10). Die \u00c4RON 3 Emulsion kann \u00fcber eine automatisierte Druckluftspr\u00fchanlage angesaugt und in den zu behandelnden Raum hineingeblasen werden. Eine weitere M\u00f6glichkeit ist, mit einer Gie\u00dfkanne die Emulsion auf dem Boden in<\/p>\n","protected":false},"author":1,"featured_media":0,"parent":0,"menu_order":0,"comment_status":"closed","ping_status":"closed","template":"","meta":{"footnotes":""},"class_list":["post-44","page","type-page","status-publish","hentry"],"aioseo_notices":[],"_links":{"self":[{"href":"https:\/\/geruchsprobleme.de\/index.php\/wp-json\/wp\/v2\/pages\/44"}],"collection":[{"href":"https:\/\/geruchsprobleme.de\/index.php\/wp-json\/wp\/v2\/pages"}],"about":[{"href":"https:\/\/geruchsprobleme.de\/index.php\/wp-json\/wp\/v2\/types\/page"}],"author":[{"embeddable":true,"href":"https:\/\/geruchsprobleme.de\/index.php\/wp-json\/wp\/v2\/users\/1"}],"replies":[{"embeddable":true,"href":"https:\/\/geruchsprobleme.de\/index.php\/wp-json\/wp\/v2\/comments?post=44"}],"version-history":[{"count":3,"href":"https:\/\/geruchsprobleme.de\/index.php\/wp-json\/wp\/v2\/pages\/44\/revisions"}],"predecessor-version":[{"id":126,"href":"https:\/\/geruchsprobleme.de\/index.php\/wp-json\/wp\/v2\/pages\/44\/revisions\/126"}],"wp:attachment":[{"href":"https:\/\/geruchsprobleme.de\/index.php\/wp-json\/wp\/v2\/media?parent=44"}],"curies":[{"name":"wp","href":"https:\/\/api.w.org\/{rel}","templated":true}]}}