{"id":41,"date":"2018-09-05T09:40:37","date_gmt":"2018-09-05T07:40:37","guid":{"rendered":"http:\/\/www.geruchsprobleme.de\/?page_id=41"},"modified":"2018-10-17T09:27:31","modified_gmt":"2018-10-17T07:27:31","slug":"benzin-heizoel-geruch","status":"publish","type":"page","link":"https:\/\/geruchsprobleme.de\/index.php\/benzin-heizoel-geruch\/","title":{"rendered":"Benzin-\/Heiz\u00f6l-Geruch"},"content":{"rendered":"<p><span style=\"color: #ff9900;\"><strong><img loading=\"lazy\" decoding=\"async\" class=\"alignright size-medium wp-image-161\" src=\"https:\/\/geruchsprobleme.de\/wp-content\/uploads\/2018\/10\/Heiz\u00f6lm\u00e4nnchenII-1-213x300.jpg\" alt=\"\" width=\"213\" height=\"300\" srcset=\"https:\/\/geruchsprobleme.de\/wp-content\/uploads\/2018\/10\/Heiz\u00f6lm\u00e4nnchenII-1-213x300.jpg 213w, https:\/\/geruchsprobleme.de\/wp-content\/uploads\/2018\/10\/Heiz\u00f6lm\u00e4nnchenII-1-768x1080.jpg 768w, https:\/\/geruchsprobleme.de\/wp-content\/uploads\/2018\/10\/Heiz\u00f6lm\u00e4nnchenII-1-728x1024.jpg 728w, https:\/\/geruchsprobleme.de\/wp-content\/uploads\/2018\/10\/Heiz\u00f6lm\u00e4nnchenII-1.jpg 953w\" sizes=\"(max-width: 213px) 100vw, 213px\" \/><\/strong><\/span><span style=\"color: #ff9900;\"><strong>\u00c4RON 3<\/strong><\/span> Geruchbinder ist ein Konzentrat aus \u00e4therischen \u00d6len und \u00fcberdeckt \u00fcbelriechenden Heiz\u00f6l- und Benzingeruch.<\/p>\n<p><span style=\"color: #ff9900;\"><strong>\u00c4RON 3<\/strong><\/span> Geruchsbinder l\u00f6st biologisch und umweltbewusst Heiz\u00f6lflecken auf Stein, Fliesen und Metall.<\/p>\n<p><span style=\"color: #ff9900;\"><strong>\u00c4RON 3<\/strong><\/span> Geruchsbinder wird auf den ausgelaufenem Heiz\u00f6l- Benzinfleck aufgebracht.<\/p>\n<blockquote><p>Nach ca. 1 Minute: Einwirkung l\u00e4sst sich die Verschmutzung l\u00f6sen.<br \/>\nDanach mit einem \u00d6lbindemittel oder einem saugf\u00e4higen Tuch aufnehmen und entsorgen.<\/p><\/blockquote>\n<p><span style=\"color: #ff9900;\"><strong>\u00c4RON 3<\/strong><\/span> Geruchsbinder entfernt Ablagerungen und Schlammverkrustungen in leeren Heiz\u00f6ltanks.<\/p>\n<p>F\u00fcr Ihr individuelles Geruchsproblem berate ich Sie gern pers\u00f6nlich. Rufen Sie mich an.<\/p>\n<p><strong>Gebindegr\u00f6\u00dfen<\/strong><\/p>\n<p>500 ml (VE=8&#215;500 ml)<\/p>\n<p>1 ltr. (VE=4&#215;1 ltr.)<\/p>\n<p>10 ltr.<\/p>\n<p>30 ltr.<\/p>\n<p>Preise auf Anfrage.<\/p>\n","protected":false},"excerpt":{"rendered":"<p>\u00c4RON 3 Geruchbinder ist ein Konzentrat aus \u00e4therischen \u00d6len und \u00fcberdeckt \u00fcbelriechenden Heiz\u00f6l- und Benzingeruch. \u00c4RON 3 Geruchsbinder l\u00f6st biologisch und umweltbewusst Heiz\u00f6lflecken auf Stein, Fliesen und Metall. \u00c4RON 3 Geruchsbinder wird auf den ausgelaufenem Heiz\u00f6l- Benzinfleck aufgebracht. Nach ca. 1 Minute: Einwirkung l\u00e4sst sich die Verschmutzung l\u00f6sen. Danach mit einem \u00d6lbindemittel oder einem saugf\u00e4higen Tuch aufnehmen und entsorgen. \u00c4RON<\/p>\n","protected":false},"author":1,"featured_media":0,"parent":0,"menu_order":0,"comment_status":"closed","ping_status":"closed","template":"","meta":{"footnotes":""},"class_list":["post-41","page","type-page","status-publish","hentry"],"aioseo_notices":[],"_links":{"self":[{"href":"https:\/\/geruchsprobleme.de\/index.php\/wp-json\/wp\/v2\/pages\/41"}],"collection":[{"href":"https:\/\/geruchsprobleme.de\/index.php\/wp-json\/wp\/v2\/pages"}],"about":[{"href":"https:\/\/geruchsprobleme.de\/index.php\/wp-json\/wp\/v2\/types\/page"}],"author":[{"embeddable":true,"href":"https:\/\/geruchsprobleme.de\/index.php\/wp-json\/wp\/v2\/users\/1"}],"replies":[{"embeddable":true,"href":"https:\/\/geruchsprobleme.de\/index.php\/wp-json\/wp\/v2\/comments?post=41"}],"version-history":[{"count":6,"href":"https:\/\/geruchsprobleme.de\/index.php\/wp-json\/wp\/v2\/pages\/41\/revisions"}],"predecessor-version":[{"id":162,"href":"https:\/\/geruchsprobleme.de\/index.php\/wp-json\/wp\/v2\/pages\/41\/revisions\/162"}],"wp:attachment":[{"href":"https:\/\/geruchsprobleme.de\/index.php\/wp-json\/wp\/v2\/media?parent=41"}],"curies":[{"name":"wp","href":"https:\/\/api.w.org\/{rel}","templated":true}]}}