{"id":21,"date":"2018-09-03T10:21:23","date_gmt":"2018-09-03T08:21:23","guid":{"rendered":"http:\/\/www.geruchsprobleme.de\/?page_id=21"},"modified":"2018-10-23T11:35:36","modified_gmt":"2018-10-23T09:35:36","slug":"absetzbecken","status":"publish","type":"page","link":"https:\/\/geruchsprobleme.de\/index.php\/absetzbecken\/","title":{"rendered":"Absetzbecken"},"content":{"rendered":"<p><img loading=\"lazy\" decoding=\"async\" class=\"alignright size-medium wp-image-169\" src=\"https:\/\/geruchsprobleme.de\/wp-content\/uploads\/2018\/10\/Absetzbecken-1-300x169.jpg\" alt=\"\" width=\"300\" height=\"169\" srcset=\"https:\/\/geruchsprobleme.de\/wp-content\/uploads\/2018\/10\/Absetzbecken-1-300x169.jpg 300w, https:\/\/geruchsprobleme.de\/wp-content\/uploads\/2018\/10\/Absetzbecken-1.jpg 640w\" sizes=\"(max-width: 300px) 100vw, 300px\" \/>Mit <strong><span style=\"color: #ff9900;\">\u00c4RON 3<\/span><\/strong> wird eine hohe Wirksamkeit gegen schlechte Ger\u00fcche erzielt:<\/p>\n<ul>\n<li>w\u00e4ssrige \u201eK\u00fchlschmiermittel-Emulsionen\u201c in Absetzbecken<\/li>\n<li>in Kl\u00e4r- oder Schlammteichen<\/li>\n<li>in Industriellen Absetzanlagen<\/li>\n<li>in Gerbereien<\/li>\n<li>organische Abf\u00e4lle in Absetzbecken.<\/li>\n<\/ul>\n<p>G\u00e4rprozesse, Faul- und Zersetzungsvorg\u00e4nge sind mit erheblicher Entwicklung von \u00fcbelriechenden Gasen verbunden. Dies stellt auch eine gesundheitliche Atemwegebelastung durch Schimmelpilze und Bakterien f\u00fcr Besch\u00e4ftigte dar.<\/p>\n<p>Durch die Zugabe von <strong><span style=\"color: #ff9900;\">\u00c4RON 3<\/span><\/strong> (1% der zu behandelnden K\u00fchlschmier-Emulsion) legt sich in der Ruhephase (ca. 8-12 Std) ein Filterteppich auf die Oberfl\u00e4che der \u00fcbelriechenden Substanz im Absetzbecken.<\/p>\n<p>Dieser Filterteppich bedeckt die \u00fcbelriechende Substanz mit einem angenehmen Orangenduft.<\/p>\n<p>F\u00fcr Ihr individuelles Geruchsproblem berate ich Sie gern pers\u00f6nlich. Rufen Sie mich an.<\/p>\n<p><strong>Gebindegr\u00f6\u00dfen<\/strong><\/p>\n<p>500 ml (VE=8&#215;500 ml)<\/p>\n<p>1 ltr. (VE=4&#215;1 ltr.)<\/p>\n<p>10 ltr.<\/p>\n<p>30 ltr.<\/p>\n<p>200 ltr.<\/p>\n<p>Preise auf Anfrage.<\/p>\n","protected":false},"excerpt":{"rendered":"<p>Mit \u00c4RON 3 wird eine hohe Wirksamkeit gegen schlechte Ger\u00fcche erzielt: w\u00e4ssrige \u201eK\u00fchlschmiermittel-Emulsionen\u201c in Absetzbecken in Kl\u00e4r- oder Schlammteichen in Industriellen Absetzanlagen in Gerbereien organische Abf\u00e4lle in Absetzbecken. G\u00e4rprozesse, Faul- und Zersetzungsvorg\u00e4nge sind mit erheblicher Entwicklung von \u00fcbelriechenden Gasen verbunden. Dies stellt auch eine gesundheitliche Atemwegebelastung durch Schimmelpilze und Bakterien f\u00fcr Besch\u00e4ftigte dar. Durch die Zugabe von \u00c4RON 3 (1%<\/p>\n","protected":false},"author":1,"featured_media":0,"parent":0,"menu_order":0,"comment_status":"closed","ping_status":"closed","template":"","meta":{"footnotes":""},"class_list":["post-21","page","type-page","status-publish","hentry"],"aioseo_notices":[],"_links":{"self":[{"href":"https:\/\/geruchsprobleme.de\/index.php\/wp-json\/wp\/v2\/pages\/21"}],"collection":[{"href":"https:\/\/geruchsprobleme.de\/index.php\/wp-json\/wp\/v2\/pages"}],"about":[{"href":"https:\/\/geruchsprobleme.de\/index.php\/wp-json\/wp\/v2\/types\/page"}],"author":[{"embeddable":true,"href":"https:\/\/geruchsprobleme.de\/index.php\/wp-json\/wp\/v2\/users\/1"}],"replies":[{"embeddable":true,"href":"https:\/\/geruchsprobleme.de\/index.php\/wp-json\/wp\/v2\/comments?post=21"}],"version-history":[{"count":4,"href":"https:\/\/geruchsprobleme.de\/index.php\/wp-json\/wp\/v2\/pages\/21\/revisions"}],"predecessor-version":[{"id":170,"href":"https:\/\/geruchsprobleme.de\/index.php\/wp-json\/wp\/v2\/pages\/21\/revisions\/170"}],"wp:attachment":[{"href":"https:\/\/geruchsprobleme.de\/index.php\/wp-json\/wp\/v2\/media?parent=21"}],"curies":[{"name":"wp","href":"https:\/\/api.w.org\/{rel}","templated":true}]}}