{"id":18,"date":"2018-09-03T10:18:36","date_gmt":"2018-09-03T08:18:36","guid":{"rendered":"http:\/\/www.geruchsprobleme.de\/?page_id=18"},"modified":"2018-10-29T08:51:23","modified_gmt":"2018-10-29T07:51:23","slug":"fettabscheider","status":"publish","type":"page","link":"https:\/\/geruchsprobleme.de\/index.php\/fettabscheider\/","title":{"rendered":"Fettabscheider"},"content":{"rendered":"<p><strong><span style=\"color: #ff9900;\">\u00c4RON 3<\/span> Geruchsbinder im Fettabscheider<\/strong><\/p>\n<div id=\"attachment_157\" style=\"width: 310px\" class=\"wp-caption alignright\"><img loading=\"lazy\" decoding=\"async\" aria-describedby=\"caption-attachment-157\" class=\"wp-image-157 size-medium\" src=\"https:\/\/geruchsprobleme.de\/wp-content\/uploads\/2018\/10\/FettabscheiderMA-300x225.jpg\" alt=\"\" width=\"300\" height=\"225\" srcset=\"https:\/\/geruchsprobleme.de\/wp-content\/uploads\/2018\/10\/FettabscheiderMA-300x225.jpg 300w, https:\/\/geruchsprobleme.de\/wp-content\/uploads\/2018\/10\/FettabscheiderMA-768x576.jpg 768w, https:\/\/geruchsprobleme.de\/wp-content\/uploads\/2018\/10\/FettabscheiderMA-1024x768.jpg 1024w, https:\/\/geruchsprobleme.de\/wp-content\/uploads\/2018\/10\/FettabscheiderMA.jpg 2048w\" sizes=\"(max-width: 300px) 100vw, 300px\" \/><p id=\"caption-attachment-157\" class=\"wp-caption-text\">Geruchsprobleme im Fettabscheider<\/p><\/div>\n<p><strong><span style=\"color: #ff9900;\">\u00c4RON 3<\/span><\/strong> deckt hervorragend \u00fcble organische Ger\u00fcche im Fettabscheider und verbreitet einen angenehmen Orangenduft.<\/p>\n<p>Bis zur Entsorgung bleibt die flexible, gebundene Fettschicht im Fettabscheider.<\/p>\n<p><strong><span style=\"color: #ff9900;\">\u00c4RON 3<\/span><\/strong> Geruchsbinder bildet durch seine schnelltrennende Eigenschaft im Wasser einen Filterteppich auf der Wasseroberfl\u00e4che.<\/p>\n<p>Die Gase k\u00f6nnen durch diesen Filterteppich entweichen.<\/p>\n<p>Durch die in <strong><span style=\"color: #ff9900;\">\u00c4RON 3<\/span><\/strong> enthaltenen Wirkstoffe wird ein angenehmer Orangenduft wahrgenommen.<\/p>\n<p><strong><span style=\"color: #ff9900;\">\u00c4RON 3<\/span><\/strong> ist ein fl\u00fcssiges Konzentrat und kann mit Wasser verd\u00fcnnt werden. Die Dosierung (z.B. 1:100 bis 1:1000) ist abh\u00e4ngig von dem zu behandelnden Geruchsproblem.<\/p>\n<p><strong>Anwendungsbeispiele<\/strong><\/p>\n<p>Ca. 0,5 ltr. <span style=\"color: #ff9900;\"><strong>\u00c4RON 3<\/strong><\/span> mit ca. 10 ltr. kaltem Wasser in einem Eimer oder einer Gie\u00dfkanne mischen bis eine milchige Emulsion entsteht.<\/p>\n<p>Diese Emulsion kann auf den K\u00fcchenboden gesch\u00fcttet werden und mit einem Gummiabzieher mit der Abwasserflotte in den Bodenablauf, der zum Fettabscheider f\u00fchrt, geschoben werden.<\/p>\n<p>Es besteht weiterhin die M\u00f6glichkeit, die Emulsion direkt in den Fettabscheider oder in ein Waschbecken, welches wiederum zum Fettabscheider f\u00fchrt, zu sch\u00fctten.<\/p>\n<p><strong>Einsatzgebiete<\/strong><\/p>\n<p>Gastronomie und Hotel, Kantinen, und Gro\u00dfk\u00fcchen, Fleisch- und Fischverarbeitung, Haustechnik, Krankenh\u00e4user, Pflegeheime<\/p>\n<p>F\u00fcr Ihr individuelles Geruchsproblem berate ich Sie gern pers\u00f6nlich. Rufen Sie mich an.<\/p>\n<p><strong>Gebindegr\u00f6\u00dfen<\/strong><\/p>\n<p>500 ml (VE=8&#215;500 ml)<\/p>\n<p>1 ltr. (VE=4&#215;1 ltr.)<\/p>\n<p>10 ltr.<\/p>\n<p>30 ltr.<\/p>\n<p>200 ltr.<\/p>\n<p>Preise auf Anfrage.<\/p>\n","protected":false},"excerpt":{"rendered":"<p>\u00c4RON 3 Geruchsbinder im Fettabscheider \u00c4RON 3 deckt hervorragend \u00fcble organische Ger\u00fcche im Fettabscheider und verbreitet einen angenehmen Orangenduft. Bis zur Entsorgung bleibt die flexible, gebundene Fettschicht im Fettabscheider. \u00c4RON 3 Geruchsbinder bildet durch seine schnelltrennende Eigenschaft im Wasser einen Filterteppich auf der Wasseroberfl\u00e4che. Die Gase k\u00f6nnen durch diesen Filterteppich entweichen. Durch die in \u00c4RON 3 enthaltenen Wirkstoffe wird ein<\/p>\n","protected":false},"author":1,"featured_media":0,"parent":0,"menu_order":0,"comment_status":"closed","ping_status":"closed","template":"","meta":{"footnotes":""},"class_list":["post-18","page","type-page","status-publish","hentry"],"aioseo_notices":[],"_links":{"self":[{"href":"https:\/\/geruchsprobleme.de\/index.php\/wp-json\/wp\/v2\/pages\/18"}],"collection":[{"href":"https:\/\/geruchsprobleme.de\/index.php\/wp-json\/wp\/v2\/pages"}],"about":[{"href":"https:\/\/geruchsprobleme.de\/index.php\/wp-json\/wp\/v2\/types\/page"}],"author":[{"embeddable":true,"href":"https:\/\/geruchsprobleme.de\/index.php\/wp-json\/wp\/v2\/users\/1"}],"replies":[{"embeddable":true,"href":"https:\/\/geruchsprobleme.de\/index.php\/wp-json\/wp\/v2\/comments?post=18"}],"version-history":[{"count":6,"href":"https:\/\/geruchsprobleme.de\/index.php\/wp-json\/wp\/v2\/pages\/18\/revisions"}],"predecessor-version":[{"id":172,"href":"https:\/\/geruchsprobleme.de\/index.php\/wp-json\/wp\/v2\/pages\/18\/revisions\/172"}],"wp:attachment":[{"href":"https:\/\/geruchsprobleme.de\/index.php\/wp-json\/wp\/v2\/media?parent=18"}],"curies":[{"name":"wp","href":"https:\/\/api.w.org\/{rel}","templated":true}]}}